{"id":64702,"date":"2026-04-20T18:53:35","date_gmt":"2026-04-20T18:53:35","guid":{"rendered":"https:\/\/mylimitless.be\/?page_id=64702"},"modified":"2026-04-20T18:54:23","modified_gmt":"2026-04-20T18:54:23","slug":"politique-de-cookies","status":"publish","type":"page","link":"https:\/\/mylimitless.be\/it\/politique-de-cookies\/","title":{"rendered":"Politique de Cookies"},"content":{"rendered":"<div data-elementor-type=\"wp-page\" data-elementor-id=\"64702\" class=\"elementor elementor-64702\" data-elementor-post-type=\"page\">\n\t\t\t\t<div class=\"elementor-element elementor-element-c98d6b5 e-flex e-con-boxed e-con e-parent\" data-id=\"c98d6b5\" data-element_type=\"container\" data-e-type=\"container\">\n\t\t\t\t\t<div class=\"e-con-inner\">\n\t\t\t\t<div class=\"elementor-element elementor-element-e0df7c4 elementor-widget elementor-widget-html\" data-id=\"e0df7c4\" data-element_type=\"widget\" data-e-type=\"widget\" data-widget_type=\"html.default\">\n\t\t\t\t<div class=\"elementor-widget-container\">\n\t\t\t\t\t<div class=\"ml-legal-page\" style=\"max-width:900px;margin:40px auto;padding:40px 24px;font-family:-apple-system,BlinkMacSystemFont,'Segoe UI',Roboto,sans-serif;color:#1a1a1a;line-height:1.6;\">\n\n<style>\n.ml-legal-page h1 { font-size:32px; font-weight:800; margin:0 0 8px; color:#1a1a1a; line-height:1.2; }\n.ml-legal-page .ml-legal-updated { display:inline-block; font-size:13px; font-weight:600; color:#2575FC; background:#eef3ff; padding:6px 12px; border-radius:12px; margin-bottom:32px; }\n.ml-legal-page h2 { font-size:22px; font-weight:800; margin:40px 0 16px; color:#1a1a1a; padding-bottom:8px; border-bottom:2px solid #f0f0f0; }\n.ml-legal-page h3 { font-size:17px; font-weight:700; margin:24px 0 12px; color:#1a1a1a; }\n.ml-legal-page p { margin:0 0 14px; font-size:15px; }\n.ml-legal-page ul { margin:0 0 14px; padding-left:22px; }\n.ml-legal-page li { margin-bottom:6px; font-size:15px; }\n.ml-legal-page strong { font-weight:700; color:#1a1a1a; }\n.ml-legal-page .ml-legal-card { background:#f5f8ff; border:1px solid #d8e3ff; border-radius:14px; padding:20px 24px; margin:16px 0; }\n.ml-legal-page .ml-legal-card p { margin-bottom:6px; }\n.ml-legal-page a { color:#2575FC; text-decoration:none; font-weight:600; }\n.ml-legal-page a:hover { text-decoration:underline; }\n.ml-legal-page table { width:100%; border-collapse:collapse; margin:16px 0; border-radius:12px; overflow:hidden; border:1px solid #eceef4; font-size:14px; }\n.ml-legal-page th { background:linear-gradient(135deg,#4a8dff,#2575FC,#1a5cc8); color:#fff; padding:12px 14px; text-align:left; font-weight:700; font-size:13px; letter-spacing:0.3px; }\n.ml-legal-page td { padding:12px 14px; border-top:1px solid #eceef4; background:#fff; }\n.ml-legal-page tr:nth-child(even) td { background:#f8f9fc; }\n.ml-legal-page em { color:#666; font-style:italic; font-size:14px; }\n.ml-legal-page .ml-legal-footer { background:#f8f9fc; border-left:4px solid #2575FC; padding:20px 24px; margin-top:32px; border-radius:0 14px 14px 0; font-size:14px; color:#555; }\n@media (max-width:560px) {\n  .ml-legal-page { padding:24px 16px; }\n  .ml-legal-page h1 { font-size:26px; }\n  .ml-legal-page h2 { font-size:20px; }\n  .ml-legal-page table { font-size:13px; }\n  .ml-legal-page th, .ml-legal-page td { padding:10px 8px; }\n}\n<\/style>\n\n<h1>Politique de Cookies<\/h1>\n<div class=\"ml-legal-updated\">Derni\u00e8re mise \u00e0 jour : 20 avril 2026<\/div>\n\n<h2>1. Qu'est-ce qu'un cookie ?<\/h2>\n<p>Un <strong>cookie<\/strong> est un petit fichier texte d\u00e9pos\u00e9 sur votre appareil (ordinateur, smartphone, tablette) lors de votre visite sur un site web. Il permet au site de m\u00e9moriser certaines informations sur votre visite (pr\u00e9f\u00e9rences, session, statistiques).<\/p>\n<p>Les cookies ne peuvent pas endommager votre appareil et ne contiennent pas de virus.<\/p>\n\n<h2>2. Notre utilisation des cookies<\/h2>\n<p>Le site <strong>mylimitless.be<\/strong> utilise des cookies pour :<\/p>\n<ul>\n<li>Assurer le bon fonctionnement du site (authentification, session)<\/li>\n<li>M\u00e9moriser vos pr\u00e9f\u00e9rences<\/li>\n<li>Mesurer l'audience de mani\u00e8re anonymis\u00e9e<\/li>\n<li>Am\u00e9liorer votre exp\u00e9rience utilisateur<\/li>\n<\/ul>\n<p><strong>L'application mobile MyLimitless n'utilise pas de cookies<\/strong> (technologie propre aux navigateurs web).<\/p>\n\n<h2>3. Types de cookies utilis\u00e9s<\/h2>\n\n<h3>3.1 Cookies strictement n\u00e9cessaires (pas de consentement requis)<\/h3>\n<p>Ces cookies sont indispensables au fonctionnement du site. Ils permettent notamment votre connexion \u00e0 votre compte.<\/p>\n\n<table>\n<thead>\n<tr><th>Nom<\/th><th>Finalit\u00e9<\/th><th>Dur\u00e9e<\/th><\/tr>\n<\/thead>\n<tbody>\n<tr><td>wordpress_logged_in_*<\/td><td>Authentification utilisateur<\/td><td>Session<\/td><\/tr>\n<tr><td>wp_session<\/td><td>Session utilisateur<\/td><td>Session<\/td><\/tr>\n<tr><td>wp-settings-*<\/td><td>Pr\u00e9f\u00e9rences d'affichage WordPress<\/td><td>1 an<\/td><\/tr>\n<tr><td>PHPSESSID<\/td><td>Gestion de session PHP<\/td><td>Session<\/td><\/tr>\n<\/tbody>\n<\/table>\n\n<h3>3.2 Cookies analytiques (consentement requis)<\/h3>\n<p>Ces cookies nous permettent de comprendre comment les visiteurs interagissent avec le site, de mani\u00e8re <strong>anonymis\u00e9e<\/strong>.<\/p>\n\n<table>\n<thead>\n<tr><th>Nom<\/th><th>\u00c9metteur<\/th><th>Finalit\u00e9<\/th><th>Dur\u00e9e<\/th><\/tr>\n<\/thead>\n<tbody>\n<tr><td>_ga<\/td><td>Google Analytics<\/td><td>Distinction des visiteurs uniques<\/td><td>2 ans<\/td><\/tr>\n<tr><td>_ga_*<\/td><td>Google Analytics<\/td><td>Statistiques d'audience<\/td><td>2 ans<\/td><\/tr>\n<tr><td>_gid<\/td><td>Google Analytics<\/td><td>Distinction des visiteurs<\/td><td>24 ore<\/td><\/tr>\n<\/tbody>\n<\/table>\n\n<h3>3.3 Cookies tiers<\/h3>\n<p>Certaines pages peuvent int\u00e9grer des contenus de tiers (vid\u00e9os YouTube, r\u00e9seaux sociaux). Ces services peuvent d\u00e9poser leurs propres cookies que nous ne contr\u00f4lons pas directement.<\/p>\n\n<h2>4. Consentement<\/h2>\n<p>Conform\u00e9ment au RGPD et \u00e0 la directive ePrivacy, nous recueillons votre <strong>consentement explicite<\/strong> avant de d\u00e9poser tout cookie non essentiel.<\/p>\n<p>Lors de votre premi\u00e8re visite, une banni\u00e8re vous permet :<\/p>\n<ul>\n<li>D'<strong>accepter tous<\/strong> les cookies<\/li>\n<li>De <strong>refuser tous<\/strong> les cookies non essentiels<\/li>\n<li>De <strong>personnaliser<\/strong> votre choix par cat\u00e9gorie<\/li>\n<\/ul>\n\n<h2>5. G\u00e9rer vos pr\u00e9f\u00e9rences<\/h2>\n<p>Vous pouvez \u00e0 tout moment modifier vos pr\u00e9f\u00e9rences :<\/p>\n<ul>\n<li>Via le <strong>lien \u00ab G\u00e9rer les cookies \u00bb<\/strong> pr\u00e9sent en bas de chaque page<\/li>\n<li>En <strong>vidant le cache de votre navigateur<\/strong> (la banni\u00e8re r\u00e9appara\u00eetra)<\/li>\n<li>Directement dans les <strong>param\u00e8tres de votre navigateur<\/strong><\/li>\n<\/ul>\n\n<h3>Param\u00e9trage par navigateur<\/h3>\n<ul>\n<li><strong>Chrome :<\/strong> <a href=\"https:\/\/support.google.com\/chrome\/answer\/95647\" target=\"_blank\">support.google.com\/chrome\/answer\/95647<\/a><\/li>\n<li><strong>Safari :<\/strong> <a href=\"https:\/\/support.apple.com\/guide\/safari\/manage-cookies\" target=\"_blank\">support.apple.com\/guide\/safari\/manage-cookies<\/a><\/li>\n<li><strong>Firefox :<\/strong> <a href=\"https:\/\/support.mozilla.org\/fr\/kb\/protection-renforcee-contre-pistage-firefox-ordinateur\" target=\"_blank\">support.mozilla.org<\/a><\/li>\n<li><strong>Edge :<\/strong> <a href=\"https:\/\/support.microsoft.com\/fr-fr\/microsoft-edge\/supprimer-les-cookies-dans-microsoft-edge\" target=\"_blank\">support.microsoft.com<\/a><\/li>\n<\/ul>\n\n<h2>6. Cons\u00e9quences du refus<\/h2>\n<p>Refuser les cookies analytiques <strong>n'affecte pas<\/strong> votre utilisation du site.<\/p>\n<p>Refuser les cookies essentiels peut <strong>emp\u00eacher le bon fonctionnement<\/strong> de certaines fonctionnalit\u00e9s (connexion \u00e0 votre compte, sauvegarde de vos pr\u00e9f\u00e9rences).<\/p>\n\n<h2>7. Dur\u00e9e de conservation<\/h2>\n<p>Les cookies sont conserv\u00e9s pour une dur\u00e9e maximale de <strong>13 mois<\/strong>, conform\u00e9ment aux recommandations de l'Autorit\u00e9 de Protection des Donn\u00e9es belge (APD).<\/p>\n<p>Apr\u00e8s ce d\u00e9lai, votre consentement vous sera \u00e0 nouveau demand\u00e9.<\/p>\n\n<h2>8. Modifications de cette politique<\/h2>\n<p>Nous pouvons modifier cette politique \u00e0 tout moment pour refl\u00e9ter les changements dans nos pratiques ou la r\u00e9glementation. La date de derni\u00e8re mise \u00e0 jour figure en haut du pr\u00e9sent document.<\/p>\n\n<h2>9. Contact<\/h2>\n<div class=\"ml-legal-card\">\n<p><strong>Willemart Group SRL<\/strong><\/p>\n<p>Rond-point Robert Schuman 6 bte 5<br>1000 Bruxelles, Belgique<\/p>\n<p>BCE : BE 0777.456.582<\/p>\n<p>Email : <a href=\"mailto:contact@mylimitless.be\">contact@mylimitless.be<\/a><\/p>\n<\/div>\n\n<div class=\"ml-legal-footer\">\n<em>Pour toute question concernant les cookies ou vos donn\u00e9es personnelles, consultez \u00e9galement notre Politique de Confidentialit\u00e9 ou contactez-nous \u00e0 contact@mylimitless.be.<\/em>\n<\/div>\n\n<\/div>\t\t\t\t<\/div>\n\t\t\t\t<\/div>\n\t\t\t\t\t<\/div>\n\t\t\t\t<\/div>\n\t\t\t\t<\/div>","protected":false},"excerpt":{"rendered":"<p>Politique de Cookies Derni\u00e8re mise \u00e0 jour : 20 avril 2026 1. Qu&#8217;est-ce qu&#8217;un cookie ? Un cookie est un petit fichier texte d\u00e9pos\u00e9 sur votre appareil (ordinateur, smartphone, tablette) lors de votre visite sur un site web. Il permet au site de m\u00e9moriser certaines informations sur votre visite (pr\u00e9f\u00e9rences, session, statistiques). Les cookies ne&hellip;&nbsp;<a href=\"https:\/\/mylimitless.be\/it\/politique-de-cookies\/\" rel=\"bookmark\">Leggi tutto &raquo;<span class=\"screen-reader-text\">Politique de Cookies<\/span><\/a><\/p>","protected":false},"author":3,"featured_media":0,"parent":0,"menu_order":0,"comment_status":"closed","ping_status":"closed","template":"page-templates\/template-pagebuilder-full-width.php","meta":{"neve_meta_sidebar":"","neve_meta_container":"","neve_meta_enable_content_width":"","neve_meta_content_width":0,"neve_meta_title_alignment":"","neve_meta_author_avatar":"","neve_post_elements_order":"","neve_meta_disable_header":"","neve_meta_disable_footer":"","neve_meta_disable_title":"","footnotes":""},"class_list":["post-64702","page","type-page","status-publish","hentry"],"_links":{"self":[{"href":"https:\/\/mylimitless.be\/it\/wp-json\/wp\/v2\/pages\/64702","targetHints":{"allow":["GET"]}}],"collection":[{"href":"https:\/\/mylimitless.be\/it\/wp-json\/wp\/v2\/pages"}],"about":[{"href":"https:\/\/mylimitless.be\/it\/wp-json\/wp\/v2\/types\/page"}],"author":[{"embeddable":true,"href":"https:\/\/mylimitless.be\/it\/wp-json\/wp\/v2\/users\/3"}],"replies":[{"embeddable":true,"href":"https:\/\/mylimitless.be\/it\/wp-json\/wp\/v2\/comments?post=64702"}],"version-history":[{"count":4,"href":"https:\/\/mylimitless.be\/it\/wp-json\/wp\/v2\/pages\/64702\/revisions"}],"predecessor-version":[{"id":64713,"href":"https:\/\/mylimitless.be\/it\/wp-json\/wp\/v2\/pages\/64702\/revisions\/64713"}],"wp:attachment":[{"href":"https:\/\/mylimitless.be\/it\/wp-json\/wp\/v2\/media?parent=64702"}],"curies":[{"name":"wp","href":"https:\/\/api.w.org\/{rel}","templated":true}]}}